{"id":232,"date":"2025-03-23T18:13:40","date_gmt":"2025-03-23T17:13:40","guid":{"rendered":"https:\/\/rychlapohotovost.cz\/?page_id=232"},"modified":"2025-03-23T19:22:53","modified_gmt":"2025-03-23T18:22:53","slug":"nabidka-prace","status":"publish","type":"page","link":"https:\/\/rychlapohotovost.cz\/en\/job-offer\/","title":{"rendered":"Vacant positions"},"content":{"rendered":"<div data-elementor-type=\"wp-page\" data-elementor-id=\"232\" class=\"elementor elementor-232\" data-elementor-post-type=\"page\">\n\t\t\t\t<div class=\"elementor-element elementor-element-33a49b87 e-flex e-con-boxed e-con e-parent\" data-id=\"33a49b87\" data-element_type=\"container\" data-settings=\"{&quot;background_background&quot;:&quot;classic&quot;}\">\n\t\t\t\t\t<div class=\"e-con-inner\">\n\t\t<div class=\"elementor-element elementor-element-62a0a9a3 e-con-full e-flex e-con e-child\" data-id=\"62a0a9a3\" data-element_type=\"container\" data-settings=\"{&quot;background_background&quot;:&quot;classic&quot;}\">\n\t\t\t\t<div class=\"elementor-element elementor-element-2bb5ecdf elementor-invisible elementor-widget elementor-widget-heading\" data-id=\"2bb5ecdf\" data-element_type=\"widget\" data-settings=\"{&quot;_animation&quot;:&quot;fadeInLeft&quot;}\" data-widget_type=\"heading.default\">\n\t\t\t\t<div class=\"elementor-widget-container\">\n\t\t\t\t\t<h1 class=\"elementor-heading-title elementor-size-default\">Vacant positions<\/h1>\t\t\t\t<\/div>\n\t\t\t\t<\/div>\n\t\t\t\t<div class=\"elementor-element elementor-element-3484e171 elementor-invisible elementor-widget elementor-widget-heading\" data-id=\"3484e171\" data-element_type=\"widget\" data-settings=\"{&quot;_animation&quot;:&quot;fadeInLeft&quot;}\" data-widget_type=\"heading.default\">\n\t\t\t\t<div class=\"elementor-widget-container\">\n\t\t\t\t\t<p class=\"elementor-heading-title elementor-size-default\">Current job offers - join our team!<\/p>\t\t\t\t<\/div>\n\t\t\t\t<\/div>\n\t\t\t\t<\/div>\n\t\t\t\t\t<\/div>\n\t\t\t\t<\/div>\n\t\t<div class=\"elementor-element elementor-element-2d6b2ba2 e-flex e-con-boxed e-con e-parent\" data-id=\"2d6b2ba2\" data-element_type=\"container\" data-settings=\"{&quot;background_background&quot;:&quot;classic&quot;}\">\n\t\t\t\t\t<div class=\"e-con-inner\">\n\t\t<div class=\"elementor-element elementor-element-878a4b5 e-con-full e-flex e-con e-child\" data-id=\"878a4b5\" data-element_type=\"container\">\n\t\t\t\t<div class=\"elementor-element elementor-element-36d027c8 elementor-widget elementor-widget-heading\" data-id=\"36d027c8\" data-element_type=\"widget\" data-widget_type=\"heading.default\">\n\t\t\t\t<div class=\"elementor-widget-container\">\n\t\t\t\t\t<h6 class=\"elementor-heading-title elementor-size-default\">Currently open positions<\/h6>\t\t\t\t<\/div>\n\t\t\t\t<\/div>\n\t\t\t\t<div class=\"elementor-element elementor-element-2472f1b5 elementor-widget elementor-widget-heading\" data-id=\"2472f1b5\" data-element_type=\"widget\" data-widget_type=\"heading.default\">\n\t\t\t\t<div class=\"elementor-widget-container\">\n\t\t\t\t\t<h2 class=\"elementor-heading-title elementor-size-default\">Careers<\/h2>\t\t\t\t<\/div>\n\t\t\t\t<\/div>\n\t\t\t\t<\/div>\n\t\t<div class=\"elementor-element elementor-element-87757bb e-con-full e-flex e-con e-child\" data-id=\"87757bb\" data-element_type=\"container\">\n\t\t\t\t<div class=\"elementor-element elementor-element-799c67e elementor-widget elementor-widget-text-editor\" data-id=\"799c67e\" data-element_type=\"widget\" data-widget_type=\"text-editor.default\">\n\t\t\t\t<div class=\"elementor-widget-container\">\n\t\t\t\t\t\t\t\t\t<p>We are looking for an experienced plumber\/installer to install and maintain plumbing and heating systems. We require experience in the trade, independence and reliability. We offer stable employment and attractive conditions.<\/p>\t\t\t\t\t\t\t\t<\/div>\n\t\t\t\t<\/div>\n\t\t\t\t<div class=\"elementor-element elementor-element-67657f8 elementor-widget elementor-widget-heading\" data-id=\"67657f8\" data-element_type=\"widget\" data-widget_type=\"heading.default\">\n\t\t\t\t<div class=\"elementor-widget-container\">\n\t\t\t\t\t<h5 class=\"elementor-heading-title elementor-size-default\">Plumber \/ Fitter<\/h5>\t\t\t\t<\/div>\n\t\t\t\t<\/div>\n\t\t\t\t<\/div>\n\t\t\t\t\t<\/div>\n\t\t\t\t<\/div>\n\t\t<div class=\"elementor-element elementor-element-324113f1 e-flex e-con-boxed e-con e-parent\" data-id=\"324113f1\" data-element_type=\"container\" data-settings=\"{&quot;background_background&quot;:&quot;classic&quot;}\">\n\t\t\t\t\t<div class=\"e-con-inner\">\n\t\t<div class=\"elementor-element elementor-element-3b5e8ea3 e-con-full e-flex e-con e-child\" data-id=\"3b5e8ea3\" data-element_type=\"container\" data-settings=\"{&quot;background_background&quot;:&quot;classic&quot;}\">\n\t\t\t\t<div class=\"elementor-element elementor-element-45873be elementor-button-align-stretch elementor-widget elementor-widget-global elementor-global-225 elementor-widget-form\" data-id=\"45873be\" data-element_type=\"widget\" data-settings=\"{&quot;step_next_label&quot;:&quot;Next&quot;,&quot;step_previous_label&quot;:&quot;Previous&quot;,&quot;button_width&quot;:&quot;100&quot;,&quot;step_type&quot;:&quot;number_text&quot;,&quot;step_icon_shape&quot;:&quot;circle&quot;}\" data-widget_type=\"form.default\">\n\t\t\t\t<div class=\"elementor-widget-container\">\n\t\t\t\t\t\t\t<form class=\"elementor-form\" method=\"post\" name=\"Kontaktn\u00ed formul\u00e1\u0159\" aria-label=\"Contact form\" action=\"\">\n\t\t\t<input type=\"hidden\" name=\"post_id\" value=\"232\"\/>\n\t\t\t<input type=\"hidden\" name=\"form_id\" value=\"45873be\"\/>\n\t\t\t<input type=\"hidden\" name=\"referer_title\" value=\"Rychl\u00e1 Pohotovost &#8211; Instalat\u00e9r Praha\" \/>\n\n\t\t\t\n\t\t\t<div class=\"elementor-form-fields-wrapper elementor-labels-\">\n\t\t\t\t\t\t\t\t<div class=\"elementor-field-type-text elementor-field-group elementor-column elementor-field-group-name elementor-col-50 elementor-field-required\">\n\t\t\t\t\t\t\t\t\t\t\t\t<label for=\"form-field-name\" class=\"elementor-field-label elementor-screen-only\">\n\t\t\t\t\t\t\t\tName\t\t\t\t\t\t\t<\/label>\n\t\t\t\t\t\t\t\t\t\t\t\t\t\t<input size=\"1\" type=\"text\" name=\"form_fields[name]\" id=\"form-field-name\" class=\"elementor-field elementor-size-sm  elementor-field-textual\" placeholder=\"Name\" required=\"required\">\n\t\t\t\t\t\t\t\t\t\t\t<\/div>\n\t\t\t\t\t\t\t\t<div class=\"elementor-field-type-text elementor-field-group elementor-column elementor-field-group-email elementor-col-50 elementor-field-required\">\n\t\t\t\t\t\t\t\t\t\t\t\t<label for=\"form-field-email\" class=\"elementor-field-label elementor-screen-only\">\n\t\t\t\t\t\t\t\tCompany (optional)\t\t\t\t\t\t\t<\/label>\n\t\t\t\t\t\t\t\t\t\t\t\t\t\t<input size=\"1\" type=\"text\" name=\"form_fields[email]\" id=\"form-field-email\" class=\"elementor-field elementor-size-sm  elementor-field-textual\" placeholder=\"Company (optional)\" required=\"required\">\n\t\t\t\t\t\t\t\t\t\t\t<\/div>\n\t\t\t\t\t\t\t\t<div class=\"elementor-field-type-tel elementor-field-group elementor-column elementor-field-group-field_6aaec2e elementor-col-50 elementor-field-required\">\n\t\t\t\t\t\t\t\t\t\t\t\t<label for=\"form-field-field_6aaec2e\" class=\"elementor-field-label elementor-screen-only\">\n\t\t\t\t\t\t\t\tPhone\t\t\t\t\t\t\t<\/label>\n\t\t\t\t\t\t\t\t<input size=\"1\" type=\"tel\" name=\"form_fields[field_6aaec2e]\" id=\"form-field-field_6aaec2e\" class=\"elementor-field elementor-size-sm  elementor-field-textual\" placeholder=\"Phone\" required=\"required\" pattern=\"[0-9()#&amp;+*-=.]+\" title=\"Only numbers and phone characters (#, -, *, etc) are accepted.\">\n\n\t\t\t\t\t\t<\/div>\n\t\t\t\t\t\t\t\t<div class=\"elementor-field-type-email elementor-field-group elementor-column elementor-field-group-field_7aaeac8 elementor-col-50 elementor-field-required\">\n\t\t\t\t\t\t\t\t\t\t\t\t<label for=\"form-field-field_7aaeac8\" class=\"elementor-field-label elementor-screen-only\">\n\t\t\t\t\t\t\t\tE-mail\t\t\t\t\t\t\t<\/label>\n\t\t\t\t\t\t\t\t\t\t\t\t\t\t<input size=\"1\" type=\"email\" name=\"form_fields[field_7aaeac8]\" id=\"form-field-field_7aaeac8\" class=\"elementor-field elementor-size-sm  elementor-field-textual\" placeholder=\"E-mail\" required=\"required\">\n\t\t\t\t\t\t\t\t\t\t\t<\/div>\n\t\t\t\t\t\t\t\t<div class=\"elementor-field-type-upload elementor-field-group elementor-column elementor-field-group-message elementor-col-100\">\n\t\t\t\t\t\t\t\t\t\t\t\t<label for=\"form-field-message\" class=\"elementor-field-label elementor-screen-only\">\n\t\t\t\t\t\t\t\tDo you have any photos \/ documentation?\t\t\t\t\t\t\t<\/label>\n\t\t\t\t\t\t\t\t<input type=\"file\" name=\"form_fields[message][]\" id=\"form-field-message\" class=\"elementor-field elementor-size-sm  elementor-upload-field\" multiple=\"multiple\" data-maxsize=\"5\" data-maxsize-message=\"This file exceeds the maximum allowed size.\">\n\n\t\t\t\t\t\t<\/div>\n\t\t\t\t\t\t\t\t<div class=\"elementor-field-type-textarea elementor-field-group elementor-column elementor-field-group-field_3116e0f elementor-col-100\">\n\t\t\t\t\t\t\t\t\t\t\t\t<label for=\"form-field-field_3116e0f\" class=\"elementor-field-label elementor-screen-only\">\n\t\t\t\t\t\t\t\tHow can we help you?\t\t\t\t\t\t\t<\/label>\n\t\t\t\t\t\t<textarea class=\"elementor-field-textual elementor-field  elementor-size-sm\" name=\"form_fields[field_3116e0f]\" id=\"form-field-field_3116e0f\" rows=\"4\" placeholder=\"How can we help you?\"><\/textarea>\t\t\t\t<\/div>\n\t\t\t\t\t\t\t\t<div class=\"elementor-field-type-acceptance elementor-field-group elementor-column elementor-field-group-field_481c33e elementor-col-100\">\n\t\t\t\t\t\t\t\t\t\t\t\t<label for=\"form-field-field_481c33e\" class=\"elementor-field-label elementor-screen-only\">\n\t\t\t\t\t\t\t\tGDPR\t\t\t\t\t\t\t<\/label>\n\t\t\t\t\t\t\t\t<div class=\"elementor-field-subgroup\">\n\t\t\t<span class=\"elementor-field-option\">\n\t\t\t\t<input type=\"checkbox\" name=\"form_fields[field_481c33e]\" id=\"form-field-field_481c33e\" class=\"elementor-field elementor-size-sm  elementor-acceptance-field\">\n\t\t\t\t<label for=\"form-field-field_481c33e\">I agree with <a style=\"color: #c50241;\" href=\"https:\/\/rychlapohotovost.cz\/en\/rules-on-the-protection-of-personal-data\/\" data-wpel-link=\"internal\">privacy policy<\/a><\/label>\t\t\t<\/span>\n\t\t<\/div>\n\t\t\t\t\t\t<\/div>\n\t\t\t\t\t\t\t\t<div class=\"elementor-field-type-text\">\n\t\t\t\t\t<input size=\"1\" type=\"text\" name=\"form_fields[field_6a71ed1]\" id=\"form-field-field_6a71ed1\" class=\"elementor-field elementor-size-sm\" style=\"display:none !important;\">\t\t\t\t<\/div>\n\t\t\t\t\t\t\t\t<div class=\"elementor-field-type-text\">\n\t\t\t\t\t<input size=\"1\" type=\"text\" name=\"form_fields[field_d76962e]\" id=\"form-field-field_d76962e\" class=\"elementor-field elementor-size-sm\" style=\"display:none !important;\">\t\t\t\t<\/div>\n\t\t\t\t\t\t\t\t<div class=\"elementor-field-type-recaptcha_v3 elementor-field-group elementor-column elementor-field-group-field_5c9f057 elementor-col-100 recaptcha_v3-bottomright\">\n\t\t\t\t\t<div class=\"elementor-field\" id=\"form-field-field_5c9f057\"><div class=\"elementor-g-recaptcha\" data-sitekey=\"6Le4DYIfAAAAABZlOoGV9TYf7l30dpWqT-AT-7l3\" data-type=\"v3\" data-action=\"Form\" data-badge=\"bottomright\" data-size=\"invisible\"><\/div><\/div>\t\t\t\t<\/div>\n\t\t\t\t\t\t\t\t<div class=\"elementor-field-group elementor-column elementor-field-type-submit elementor-col-100 e-form__buttons\">\n\t\t\t\t\t<button class=\"elementor-button elementor-size-sm\" type=\"submit\">\n\t\t\t\t\t\t<span class=\"elementor-button-content-wrapper\">\n\t\t\t\t\t\t\t\t\t\t\t\t\t\t\t\t\t\t\t\t\t\t<span class=\"elementor-button-text\">Send to <\/span>\n\t\t\t\t\t\t\t\t\t\t\t\t\t<\/span>\n\t\t\t\t\t<\/button>\n\t\t\t\t<\/div>\n\t\t\t<\/div>\n\t\t<input type=\"hidden\" name=\"trp-form-language\" value=\"en\"\/><\/form>\n\t\t\t\t\t\t<\/div>\n\t\t\t\t<\/div>\n\t\t\t\t<\/div>\n\t\t<div class=\"elementor-element elementor-element-7488cb75 e-con-full e-flex e-con e-child\" data-id=\"7488cb75\" data-element_type=\"container\">\n\t\t\t\t<div class=\"elementor-element elementor-element-71d79368 elementor-widget elementor-widget-image\" data-id=\"71d79368\" data-element_type=\"widget\" data-widget_type=\"image.default\">\n\t\t\t\t<div class=\"elementor-widget-container\">\n\t\t\t\t\t\t\t\t\t\t\t\t\t\t\t<img fetchpriority=\"high\" decoding=\"async\" width=\"640\" height=\"529\" src=\"https:\/\/rychlapohotovost.cz\/wp-content\/uploads\/2025\/03\/professional-plumber-in-overalls-holding-wrenches-2023-11-27-04-59-52-utc.png\" class=\"attachment-full size-full wp-image-236\" alt=\"\" srcset=\"https:\/\/rychlapohotovost.cz\/wp-content\/uploads\/2025\/03\/professional-plumber-in-overalls-holding-wrenches-2023-11-27-04-59-52-utc.png 640w, https:\/\/rychlapohotovost.cz\/wp-content\/uploads\/2025\/03\/professional-plumber-in-overalls-holding-wrenches-2023-11-27-04-59-52-utc-300x248.png 300w\" sizes=\"(max-width: 640px) 100vw, 640px\" \/>\t\t\t\t\t\t\t\t\t\t\t\t\t\t\t<\/div>\n\t\t\t\t<\/div>\n\t\t\t\t<\/div>\n\t\t\t\t\t<\/div>\n\t\t\t\t<\/div>\n\t\t\t\t<\/div>","protected":false},"excerpt":{"rendered":"<p>Current job offers - join our team! Currently Open Positions Careers We are looking for an experienced plumber\/installer to install and maintain plumbing and heating systems. We require experience in the trade, independence and reliability. We offer stable employment and attractive conditions. Plumber \/ Fitter<\/p>","protected":false},"author":1,"featured_media":0,"parent":0,"menu_order":0,"comment_status":"closed","ping_status":"closed","template":"","meta":{"footnotes":""},"class_list":["post-232","page","type-page","status-publish","hentry"],"yoast_head":"<!-- This site is optimized with the Yoast SEO plugin v25.8 - https:\/\/yoast.com\/wordpress\/plugins\/seo\/ -->\n<title>Voln\u00e9 pozice | Rychl\u00e1 Pohotovost - Instalat\u00e9r Praha<\/title>\n<meta name=\"robots\" content=\"index, follow, max-snippet:-1, max-image-preview:large, max-video-preview:-1\" \/>\n<link rel=\"canonical\" href=\"https:\/\/rychlapohotovost.cz\/en\/job-offer\/\" \/>\n<meta property=\"og:locale\" content=\"en_US\" \/>\n<meta property=\"og:type\" content=\"article\" \/>\n<meta property=\"og:title\" content=\"Voln\u00e9 pozice | Rychl\u00e1 Pohotovost - Instalat\u00e9r Praha\" \/>\n<meta property=\"og:description\" content=\"Aktu\u00e1ln\u00ed pracovn\u00ed nab\u00eddky \u2013 p\u0159idejte se k na\u0161emu t\u00fdmu! Moment\u00e1ln\u011b otev\u0159en\u00e9 pozice Kari\u00e9ra Hled\u00e1me zku\u0161en\u00e9ho instalat\u00e9ra\/mont\u00e9ra pro instalaci a \u00fadr\u017ebu vodovodn\u00edch a topn\u00fdch syst\u00e9m\u016f. Po\u017eadujeme praxi v oboru, samostatnost a spolehlivost. Nab\u00edz\u00edme stabiln\u00ed zam\u011bstn\u00e1n\u00ed a atraktivn\u00ed podm\u00ednky. Instalat\u00e9r \/ Mont\u00e9r\" \/>\n<meta property=\"og:url\" content=\"https:\/\/rychlapohotovost.cz\/en\/job-offer\/\" \/>\n<meta property=\"og:site_name\" content=\"Rychl\u00e1 Pohotovost - Instalat\u00e9r Praha\" \/>\n<meta property=\"article:modified_time\" content=\"2025-03-23T18:22:53+00:00\" \/>\n<meta property=\"og:image\" content=\"https:\/\/rychlapohotovost.cz\/wp-content\/uploads\/2025\/03\/professional-plumber-in-overalls-holding-wrenches-2023-11-27-04-59-52-utc.png\" \/>\n<meta name=\"twitter:card\" content=\"summary_large_image\" \/>\n<meta name=\"twitter:label1\" content=\"Est. reading time\" \/>\n\t<meta name=\"twitter:data1\" content=\"1 minute\" \/>\n<script type=\"application\/ld+json\" class=\"yoast-schema-graph\">{\"@context\":\"https:\/\/schema.org\",\"@graph\":[{\"@type\":\"WebPage\",\"@id\":\"https:\/\/rychlapohotovost.cz\/en\/nabidka-prace\/\",\"url\":\"https:\/\/rychlapohotovost.cz\/en\/nabidka-prace\/\",\"name\":\"Voln\u00e9 pozice | Rychl\u00e1 Pohotovost - Instalat\u00e9r Praha\",\"isPartOf\":{\"@id\":\"https:\/\/rychlapohotovost.cz\/#website\"},\"primaryImageOfPage\":{\"@id\":\"https:\/\/rychlapohotovost.cz\/en\/nabidka-prace\/#primaryimage\"},\"image\":{\"@id\":\"https:\/\/rychlapohotovost.cz\/en\/nabidka-prace\/#primaryimage\"},\"thumbnailUrl\":\"https:\/\/rychlapohotovost.cz\/wp-content\/uploads\/2025\/03\/professional-plumber-in-overalls-holding-wrenches-2023-11-27-04-59-52-utc.png\",\"datePublished\":\"2025-03-23T17:13:40+00:00\",\"dateModified\":\"2025-03-23T18:22:53+00:00\",\"breadcrumb\":{\"@id\":\"https:\/\/rychlapohotovost.cz\/en\/nabidka-prace\/#breadcrumb\"},\"inLanguage\":\"en-US\",\"potentialAction\":[{\"@type\":\"ReadAction\",\"target\":[\"https:\/\/rychlapohotovost.cz\/en\/nabidka-prace\/\"]}]},{\"@type\":\"ImageObject\",\"inLanguage\":\"en-US\",\"@id\":\"https:\/\/rychlapohotovost.cz\/en\/nabidka-prace\/#primaryimage\",\"url\":\"https:\/\/rychlapohotovost.cz\/wp-content\/uploads\/2025\/03\/professional-plumber-in-overalls-holding-wrenches-2023-11-27-04-59-52-utc.png\",\"contentUrl\":\"https:\/\/rychlapohotovost.cz\/wp-content\/uploads\/2025\/03\/professional-plumber-in-overalls-holding-wrenches-2023-11-27-04-59-52-utc.png\"},{\"@type\":\"BreadcrumbList\",\"@id\":\"https:\/\/rychlapohotovost.cz\/en\/nabidka-prace\/#breadcrumb\",\"itemListElement\":[{\"@type\":\"ListItem\",\"position\":1,\"name\":\"Dom\u016f\",\"item\":\"https:\/\/rychlapohotovost.cz\/en\/\"},{\"@type\":\"ListItem\",\"position\":2,\"name\":\"Voln\u00e9 pozice\"}]},{\"@type\":\"WebSite\",\"@id\":\"https:\/\/rychlapohotovost.cz\/#website\",\"url\":\"https:\/\/rychlapohotovost.cz\/\",\"name\":\"Rychl\u00e1 Pohotovost - Instalat\u00e9r Praha\",\"description\":\"Oprav\u00edme v\u0161echno\",\"publisher\":{\"@id\":\"https:\/\/rychlapohotovost.cz\/#organization\"},\"potentialAction\":[{\"@type\":\"SearchAction\",\"target\":{\"@type\":\"EntryPoint\",\"urlTemplate\":\"https:\/\/rychlapohotovost.cz\/?s={search_term_string}\"},\"query-input\":{\"@type\":\"PropertyValueSpecification\",\"valueRequired\":true,\"valueName\":\"search_term_string\"}}],\"inLanguage\":\"en-US\"},{\"@type\":\"Organization\",\"@id\":\"https:\/\/rychlapohotovost.cz\/#organization\",\"name\":\"Rychl\u00e1 Pohotovost - Instalat\u00e9r Praha\",\"url\":\"https:\/\/rychlapohotovost.cz\/\",\"logo\":{\"@type\":\"ImageObject\",\"inLanguage\":\"en-US\",\"@id\":\"https:\/\/rychlapohotovost.cz\/#\/schema\/logo\/image\/\",\"url\":\"https:\/\/rychlapohotovost.cz\/wp-content\/uploads\/2025\/02\/logo-horizontal.svg\",\"contentUrl\":\"https:\/\/rychlapohotovost.cz\/wp-content\/uploads\/2025\/02\/logo-horizontal.svg\",\"width\":692,\"height\":304,\"caption\":\"Rychl\u00e1 Pohotovost - Instalat\u00e9r Praha\"},\"image\":{\"@id\":\"https:\/\/rychlapohotovost.cz\/#\/schema\/logo\/image\/\"}}]}<\/script>\n<!-- \/ Yoast SEO plugin. -->","yoast_head_json":{"title":"Voln\u00e9 pozice | Rychl\u00e1 Pohotovost - Instalat\u00e9r Praha","robots":{"index":"index","follow":"follow","max-snippet":"max-snippet:-1","max-image-preview":"max-image-preview:large","max-video-preview":"max-video-preview:-1"},"canonical":"https:\/\/rychlapohotovost.cz\/en\/job-offer\/","og_locale":"en_US","og_type":"article","og_title":"Voln\u00e9 pozice | Rychl\u00e1 Pohotovost - Instalat\u00e9r Praha","og_description":"Aktu\u00e1ln\u00ed pracovn\u00ed nab\u00eddky \u2013 p\u0159idejte se k na\u0161emu t\u00fdmu! Moment\u00e1ln\u011b otev\u0159en\u00e9 pozice Kari\u00e9ra Hled\u00e1me zku\u0161en\u00e9ho instalat\u00e9ra\/mont\u00e9ra pro instalaci a \u00fadr\u017ebu vodovodn\u00edch a topn\u00fdch syst\u00e9m\u016f. Po\u017eadujeme praxi v oboru, samostatnost a spolehlivost. Nab\u00edz\u00edme stabiln\u00ed zam\u011bstn\u00e1n\u00ed a atraktivn\u00ed podm\u00ednky. Instalat\u00e9r \/ Mont\u00e9r","og_url":"https:\/\/rychlapohotovost.cz\/en\/job-offer\/","og_site_name":"Rychl\u00e1 Pohotovost - Instalat\u00e9r Praha","article_modified_time":"2025-03-23T18:22:53+00:00","og_image":[{"url":"https:\/\/rychlapohotovost.cz\/wp-content\/uploads\/2025\/03\/professional-plumber-in-overalls-holding-wrenches-2023-11-27-04-59-52-utc.png","type":"","width":"","height":""}],"twitter_card":"summary_large_image","twitter_misc":{"Est. reading time":"1 minute"},"schema":{"@context":"https:\/\/schema.org","@graph":[{"@type":"WebPage","@id":"https:\/\/rychlapohotovost.cz\/en\/nabidka-prace\/","url":"https:\/\/rychlapohotovost.cz\/en\/nabidka-prace\/","name":"Voln\u00e9 pozice | Rychl\u00e1 Pohotovost - Instalat\u00e9r Praha","isPartOf":{"@id":"https:\/\/rychlapohotovost.cz\/#website"},"primaryImageOfPage":{"@id":"https:\/\/rychlapohotovost.cz\/en\/nabidka-prace\/#primaryimage"},"image":{"@id":"https:\/\/rychlapohotovost.cz\/en\/nabidka-prace\/#primaryimage"},"thumbnailUrl":"https:\/\/rychlapohotovost.cz\/wp-content\/uploads\/2025\/03\/professional-plumber-in-overalls-holding-wrenches-2023-11-27-04-59-52-utc.png","datePublished":"2025-03-23T17:13:40+00:00","dateModified":"2025-03-23T18:22:53+00:00","breadcrumb":{"@id":"https:\/\/rychlapohotovost.cz\/en\/nabidka-prace\/#breadcrumb"},"inLanguage":"en-US","potentialAction":[{"@type":"ReadAction","target":["https:\/\/rychlapohotovost.cz\/en\/nabidka-prace\/"]}]},{"@type":"ImageObject","inLanguage":"en-US","@id":"https:\/\/rychlapohotovost.cz\/en\/nabidka-prace\/#primaryimage","url":"https:\/\/rychlapohotovost.cz\/wp-content\/uploads\/2025\/03\/professional-plumber-in-overalls-holding-wrenches-2023-11-27-04-59-52-utc.png","contentUrl":"https:\/\/rychlapohotovost.cz\/wp-content\/uploads\/2025\/03\/professional-plumber-in-overalls-holding-wrenches-2023-11-27-04-59-52-utc.png"},{"@type":"BreadcrumbList","@id":"https:\/\/rychlapohotovost.cz\/en\/nabidka-prace\/#breadcrumb","itemListElement":[{"@type":"ListItem","position":1,"name":"Dom\u016f","item":"https:\/\/rychlapohotovost.cz\/en\/"},{"@type":"ListItem","position":2,"name":"Voln\u00e9 pozice"}]},{"@type":"WebSite","@id":"https:\/\/rychlapohotovost.cz\/#website","url":"https:\/\/rychlapohotovost.cz\/","name":"Rychl\u00e1 Pohotovost - Instalat\u00e9r Praha","description":"Oprav\u00edme v\u0161echno","publisher":{"@id":"https:\/\/rychlapohotovost.cz\/#organization"},"potentialAction":[{"@type":"SearchAction","target":{"@type":"EntryPoint","urlTemplate":"https:\/\/rychlapohotovost.cz\/?s={search_term_string}"},"query-input":{"@type":"PropertyValueSpecification","valueRequired":true,"valueName":"search_term_string"}}],"inLanguage":"en-US"},{"@type":"Organization","@id":"https:\/\/rychlapohotovost.cz\/#organization","name":"Rychl\u00e1 Pohotovost - Instalat\u00e9r Praha","url":"https:\/\/rychlapohotovost.cz\/","logo":{"@type":"ImageObject","inLanguage":"en-US","@id":"https:\/\/rychlapohotovost.cz\/#\/schema\/logo\/image\/","url":"https:\/\/rychlapohotovost.cz\/wp-content\/uploads\/2025\/02\/logo-horizontal.svg","contentUrl":"https:\/\/rychlapohotovost.cz\/wp-content\/uploads\/2025\/02\/logo-horizontal.svg","width":692,"height":304,"caption":"Rychl\u00e1 Pohotovost - Instalat\u00e9r Praha"},"image":{"@id":"https:\/\/rychlapohotovost.cz\/#\/schema\/logo\/image\/"}}]}},"_links":{"self":[{"href":"https:\/\/rychlapohotovost.cz\/en\/wp-json\/wp\/v2\/pages\/232","targetHints":{"allow":["GET"]}}],"collection":[{"href":"https:\/\/rychlapohotovost.cz\/en\/wp-json\/wp\/v2\/pages"}],"about":[{"href":"https:\/\/rychlapohotovost.cz\/en\/wp-json\/wp\/v2\/types\/page"}],"author":[{"embeddable":true,"href":"https:\/\/rychlapohotovost.cz\/en\/wp-json\/wp\/v2\/users\/1"}],"replies":[{"embeddable":true,"href":"https:\/\/rychlapohotovost.cz\/en\/wp-json\/wp\/v2\/comments?post=232"}],"version-history":[{"count":0,"href":"https:\/\/rychlapohotovost.cz\/en\/wp-json\/wp\/v2\/pages\/232\/revisions"}],"wp:attachment":[{"href":"https:\/\/rychlapohotovost.cz\/en\/wp-json\/wp\/v2\/media?parent=232"}],"curies":[{"name":"wp","href":"https:\/\/api.w.org\/{rel}","templated":true}]}}